{"id":375,"date":"2025-04-06T16:34:42","date_gmt":"2025-04-06T16:34:42","guid":{"rendered":"https:\/\/minerubino.com\/negozio\/senza-categoria\/minecraft-creeper-unisex-crewneck-t-shirt\/"},"modified":"2025-04-06T16:34:42","modified_gmt":"2025-04-06T16:34:42","slug":"minecraft-creeper-unisex-crewneck-t-shirt","status":"publish","type":"product","link":"https:\/\/minerubino.com\/en\/negozio\/senza-categoria\/minecraft-creeper-unisex-crewneck-t-shirt\/","title":{"rendered":"Minecraft Creeper Unisex Crewneck T-shirt"},"content":{"rendered":"<p>Questa t-shirt in cotone pesante \u00e8 un capo resistente con una vestibilit\u00e0 classica. Uno degli articoli pi\u00f9 popolari, ha uno stile rilassato pensato per l\u2019uso quotidiano e informale.<\/p>\n<ul>\n<li>\n<p>Colletto senza cuciture con doppia impuntura<\/p>\n<\/li>\n<li>\n<p>Orli delle maniche e del fondo con doppia impuntura<\/p>\n<\/li>\n<li>\n<p>100% cotone<\/p>\n<\/li>\n<li>\n<p>Collo e spalle rinforzati con nastro per una maggiore durata<\/p>\n<\/li>\n<\/ul>\n<p><strong>Guida alle taglie<\/strong><\/p>\n<table>\n<tr>\n<td>\u00a0<\/td>\n<td><strong>S<\/strong><\/td>\n<td><strong>M<\/strong><\/td>\n<td><strong>L<\/strong><\/td>\n<td><strong>XL<\/strong><\/td>\n<td><strong>2XL<\/strong><\/td>\n<td><strong>3XL<\/strong><\/td>\n<td><strong>4XL<\/strong><\/td>\n<td><strong>5XL<\/strong><\/td>\n<\/tr>\n<tr>\n<td><strong>A) Lunghezza (cm)<\/strong><\/td>\n<td>71.1<\/td>\n<td>73.7<\/td>\n<td>76.2<\/td>\n<td>78.7<\/td>\n<td>81.3<\/td>\n<td>83.8<\/td>\n<td>86<\/td>\n<td>89<\/td>\n<\/tr>\n<tr>\n<td><strong>B) Larghezza (cm)<\/strong><\/td>\n<td>91.4<\/td>\n<td>101.6<\/td>\n<td>111.8<\/td>\n<td>122<\/td>\n<td>132<\/td>\n<td>142.2<\/td>\n<td>152<\/td>\n<td>162<\/td>\n<\/tr>\n<tr>\n<td><strong>B) Mezzo Busto (cm)<\/strong><\/td>\n<td>45.7<\/td>\n<td>50.8<\/td>\n<td>55.9<\/td>\n<td>61<\/td>\n<td>66<\/td>\n<td>71.1<\/td>\n<td>76<\/td>\n<td>81<\/td>\n<\/tr>\n<\/table>\n<table>\n<tr>\n<td>\u00a0<\/td>\n<td><strong>S<\/strong><\/td>\n<td><strong>M<\/strong><\/td>\n<td><strong>L<\/strong><\/td>\n<td><strong>XL<\/strong><\/td>\n<td><strong>2XL<\/strong><\/td>\n<td><strong>3XL<\/strong><\/td>\n<td><strong>4XL<\/strong><\/td>\n<td><strong>5XL<\/strong><\/td>\n<\/tr>\n<tr>\n<td><strong>A) Lunghezza (pollici)<\/strong><\/td>\n<td>28<\/td>\n<td>29<\/td>\n<td>30<\/td>\n<td>31<\/td>\n<td>32<\/td>\n<td>33<\/td>\n<td>33.9<\/td>\n<td>35<\/td>\n<\/tr>\n<tr>\n<td><strong>B) Larghezza (pollici)<\/strong><\/td>\n<td>36<\/td>\n<td>40<\/td>\n<td>44<\/td>\n<td>48<\/td>\n<td>52<\/td>\n<td>56<\/td>\n<td>59.8<\/td>\n<td>63.8<\/td>\n<\/tr>\n<tr>\n<td><strong>B) Mezzo Busto (pollici)<\/strong><\/td>\n<td>18<\/td>\n<td>20<\/td>\n<td>22<\/td>\n<td>24<\/td>\n<td>26<\/td>\n<td>28<\/td>\n<td>29.9<\/td>\n<td>31.9<\/td>\n<\/tr>\n<\/table>\n<p><strong>Istruzioni per la cura<\/strong><\/p>\n<table>\n<tr>\n<td>Generale<\/td>\n<td>La maglietta Bella + Canvas 3001 \u00e8 la scelta ideale per l&#8217;uso quotidiano e i progetti artigianali, grazie alla sua combinazione di comfort, stile e resistenza.<\/td>\n<\/tr>\n<tr>\n<td>Lavaggio<\/td>\n<td>Per preservare l&#8217;aspetto della maglietta \u00e8 preferibile lavarla in acqua fredda con capi di colore simile.<\/td>\n<\/tr>\n<tr>\n<td>Asciugatura<\/td>\n<td>Asciugare in asciugatrice a bassa temperatura o appendere per asciugare in modo naturale cos\u00ec da preservare l&#8217;integrit\u00e0 del tessuto e la qualit\u00e0 di stampa.<\/td>\n<\/tr>\n<tr>\n<td>Conservazione<\/td>\n<td>Ideale per negozi al dettaglio e online che cercano una maglietta personalizzabile di alta qualit\u00e0 che supporti pratiche di produzione etiche<\/td>\n<\/tr>\n<\/table>","protected":false},"excerpt":{"rendered":"<p>Questa t-shirt in cotone pesante \u00e8 un capo resistente con una vestibilit\u00e0 classica. Uno degli articoli pi\u00f9 popolari, ha uno stile rilassato pensato per l\u2019uso quotidiano e informale. Colletto senza cuciture con doppia impuntura Orli delle maniche e del fondo con doppia impuntura 100% cotone Collo e spalle rinforzati con nastro per una maggiore durata [&hellip;]<\/p>","protected":false},"featured_media":374,"template":"","meta":[],"product_brand":[],"product_cat":[20],"product_tag":[40,39],"class_list":{"0":"post-375","1":"product","2":"type-product","3":"status-publish","4":"has-post-thumbnail","6":"product_cat-senza-categoria","7":"product_tag-creeper","8":"product_tag-minecraft","10":"first","11":"instock","12":"shipping-taxable","13":"purchasable","14":"product-type-simple"},"_links":{"self":[{"href":"https:\/\/minerubino.com\/en\/wp-json\/wp\/v2\/product\/375","targetHints":{"allow":["GET"]}}],"collection":[{"href":"https:\/\/minerubino.com\/en\/wp-json\/wp\/v2\/product"}],"about":[{"href":"https:\/\/minerubino.com\/en\/wp-json\/wp\/v2\/types\/product"}],"wp:featuredmedia":[{"embeddable":true,"href":"https:\/\/minerubino.com\/en\/wp-json\/wp\/v2\/media\/374"}],"wp:attachment":[{"href":"https:\/\/minerubino.com\/en\/wp-json\/wp\/v2\/media?parent=375"}],"wp:term":[{"taxonomy":"product_brand","embeddable":true,"href":"https:\/\/minerubino.com\/en\/wp-json\/wp\/v2\/product_brand?post=375"},{"taxonomy":"product_cat","embeddable":true,"href":"https:\/\/minerubino.com\/en\/wp-json\/wp\/v2\/product_cat?post=375"},{"taxonomy":"product_tag","embeddable":true,"href":"https:\/\/minerubino.com\/en\/wp-json\/wp\/v2\/product_tag?post=375"}],"curies":[{"name":"wp","href":"https:\/\/api.w.org\/{rel}","templated":true}]}}